{"id":9394,"date":"2022-01-01T00:49:59","date_gmt":"2022-01-01T00:49:59","guid":{"rendered":"https:\/\/touchuprx.ca\/faq-des-titulaires-de-licence\/"},"modified":"2022-01-02T22:30:54","modified_gmt":"2022-01-02T22:30:54","slug":"faq-des-titulaires-de-licence","status":"publish","type":"page","link":"https:\/\/touchuprx.ca\/fr\/faq-des-titulaires-de-licence\/","title":{"rendered":"FAQ du titulaires de licence"},"content":{"rendered":"[vc_row type=\u00a0\u00bbin_container\u00a0\u00bb full_screen_row_position=\u00a0\u00bbmiddle\u00a0\u00bb column_margin=\u00a0\u00bbdefault\u00a0\u00bb column_direction=\u00a0\u00bbdefault\u00a0\u00bb column_direction_tablet=\u00a0\u00bbdefault\u00a0\u00bb column_direction_phone=\u00a0\u00bbdefault\u00a0\u00bb scene_position=\u00a0\u00bbcenter\u00a0\u00bb text_color=\u00a0\u00bbdark\u00a0\u00bb text_align=\u00a0\u00bbleft\u00a0\u00bb row_border_radius=\u00a0\u00bbnone\u00a0\u00bb row_border_radius_applies=\u00a0\u00bbbg\u00a0\u00bb overlay_strength=\u00a0\u00bb0.3&Prime; gradient_direction=\u00a0\u00bbleft_to_right\u00a0\u00bb shape_divider_position=\u00a0\u00bbbottom\u00a0\u00bb bg_image_animation=\u00a0\u00bbnone\u00a0\u00bb][vc_column column_padding=\u00a0\u00bbno-extra-padding\u00a0\u00bb column_padding_tablet=\u00a0\u00bbinherit\u00a0\u00bb column_padding_phone=\u00a0\u00bbinherit\u00a0\u00bb column_padding_position=\u00a0\u00bball\u00a0\u00bb background_color_opacity=\u00a0\u00bb1&Prime; background_hover_color_opacity=\u00a0\u00bb1&Prime; column_shadow=\u00a0\u00bbnone\u00a0\u00bb column_border_radius=\u00a0\u00bbnone\u00a0\u00bb column_link_target=\u00a0\u00bb_self\u00a0\u00bb gradient_direction=\u00a0\u00bbleft_to_right\u00a0\u00bb overlay_strength=\u00a0\u00bb0.3&Prime; width=\u00a0\u00bb1\/1&Prime; tablet_width_inherit=\u00a0\u00bbdefault\u00a0\u00bb tablet_text_alignment=\u00a0\u00bbdefault\u00a0\u00bb phone_text_alignment=\u00a0\u00bbdefault\u00a0\u00bb column_border_width=\u00a0\u00bbnone\u00a0\u00bb column_border_style=\u00a0\u00bbsolid\u00a0\u00bb bg_image_animation=\u00a0\u00bbnone\u00a0\u00bb][nectar_animated_title heading_tag=\u00a0\u00bbh1&Prime; style=\u00a0\u00bbcolor-strip-reveal\u00a0\u00bb color=\u00a0\u00bbAccent-Color\u00a0\u00bb text=\u00a0\u00bbFAQ des titulaires de licence\u00a0\u00bb][vc_column_text]\n<h2>FAQ des titulaires de licence TouchUp RX<\/h2>\n<p>Vous trouverez ci-dessous les questions fr\u00e9quemment pos\u00e9es concernant les licences TouchUp RX et notre programme de licence.[\/vc_column_text][\/vc_column][\/vc_row][vc_row type=\u00a0\u00bbin_container\u00a0\u00bb full_screen_row_position=\u00a0\u00bbmiddle\u00a0\u00bb column_margin=\u00a0\u00bbdefault\u00a0\u00bb column_direction=\u00a0\u00bbdefault\u00a0\u00bb column_direction_tablet=\u00a0\u00bbdefault\u00a0\u00bb column_direction_phone=\u00a0\u00bbdefault\u00a0\u00bb scene_position=\u00a0\u00bbcenter\u00a0\u00bb text_color=\u00a0\u00bbdark\u00a0\u00bb text_align=\u00a0\u00bbleft\u00a0\u00bb row_border_radius=\u00a0\u00bbnone\u00a0\u00bb row_border_radius_applies=\u00a0\u00bbbg\u00a0\u00bb overlay_strength=\u00a0\u00bb0.3&Prime; gradient_direction=\u00a0\u00bbleft_to_right\u00a0\u00bb shape_divider_position=\u00a0\u00bbbottom\u00a0\u00bb bg_image_animation=\u00a0\u00bbnone\u00a0\u00bb][vc_column column_padding=\u00a0\u00bbno-extra-padding\u00a0\u00bb column_padding_tablet=\u00a0\u00bbinherit\u00a0\u00bb column_padding_phone=\u00a0\u00bbinherit\u00a0\u00bb column_padding_position=\u00a0\u00bball\u00a0\u00bb background_color_opacity=\u00a0\u00bb1&Prime; background_hover_color_opacity=\u00a0\u00bb1&Prime; column_shadow=\u00a0\u00bbnone\u00a0\u00bb column_border_radius=\u00a0\u00bbnone\u00a0\u00bb column_link_target=\u00a0\u00bb_self\u00a0\u00bb gradient_direction=\u00a0\u00bbleft_to_right\u00a0\u00bb overlay_strength=\u00a0\u00bb0.3&Prime; width=\u00a0\u00bb1\/1&Prime; tablet_width_inherit=\u00a0\u00bbdefault\u00a0\u00bb tablet_text_alignment=\u00a0\u00bbdefault\u00a0\u00bb phone_text_alignment=\u00a0\u00bbdefault\u00a0\u00bb column_border_width=\u00a0\u00bbnone\u00a0\u00bb column_border_style=\u00a0\u00bbsolid\u00a0\u00bb bg_image_animation=\u00a0\u00bbnone\u00a0\u00bb][toggles style=\u00a0\u00bbdefault\u00a0\u00bb][toggle color=\u00a0\u00bbDefault\u00a0\u00bb title=\u00a0\u00bbCombien d&rsquo;argent puis-je gagner ?\u00a0\u00bb][vc_column_text]La rentabilit\u00e9 d\u00e9pend de nombreux facteurs, notamment les co\u00fbts d&rsquo;exploitation, les conditions de financement et, plus important encore, votre capacit\u00e9 \u00e0 exploiter efficacement l&rsquo;entreprise.<\/p>\n<p>Les titulaires de licence typiques r\u00e9alisent des ventes de 10 000 $ \u00e0 20 000 $ par mois au cours de la premi\u00e8re ann\u00e9e d&rsquo;activit\u00e9, en fonction de leur capacit\u00e9 \u00e0 g\u00e9n\u00e9rer des revenus.[\/vc_column_text][\/toggle][toggle color=\u00a0\u00bbDefault\u00a0\u00bb title=\u00a0\u00bbQuelle est la diff\u00e9rence entre \u00eatre un Licenci\u00e9 et poss\u00e9der une Franchise ?\u00a0\u00bb][vc_column_text]Un titulaire de licence d\u00e9tient le droit exclusif d&rsquo;utiliser, de faire de la publicit\u00e9 et de distribuer les produits et services TouchUp RX dans une r\u00e9gion sp\u00e9cifi\u00e9e. Les titulaires de licence TouchUp RX b\u00e9n\u00e9ficient \u00e9galement d&rsquo;un vaste r\u00e9seau d&rsquo;assistance qui comprend une formation et des commentaires r\u00e9guliers. Pour plus d&rsquo;informations sur ce que vous recevrez en tant que titulaire de licence, veuillez visiter notre page <a href=\"https:\/\/touchuprx.ca\/fr\/?page_id=9391\">Pourquoi TouchUp RX<\/a> .<\/p>\n<p>Les franchis\u00e9s sont similaires dans le sens o\u00f9 ils se voient \u00e9galement accorder le droit de faire des affaires au sein d&rsquo;un syst\u00e8me de franchise sp\u00e9cifique. Cependant, ils doivent exploiter leur entreprise d&rsquo;une certaine mani\u00e8re, comme indiqu\u00e9 dans leur contrat de franchise, qui comprend g\u00e9n\u00e9ralement des obligations \u00e9tendues de la part du franchis\u00e9.[\/vc_column_text][\/toggle][toggle color=\u00a0\u00bbDefault\u00a0\u00bb title=\u00a0\u00bbPuis-je poss\u00e9der plus d&rsquo;une licence ?\u00a0\u00bb][vc_column_text]Absolument! Beaucoup de nos titulaires de licence actuels poss\u00e8dent plusieurs territoires exclusifs.[\/vc_column_text][\/toggle][toggle color=\u00a0\u00bbDefault\u00a0\u00bb title=\u00a0\u00bbQui peut \u00eatre licenci\u00e9 ?\u00a0\u00bb][vc_column_text]Nous invitons toutes les personnes int\u00e9ress\u00e9es \u00e0 soumettre leur demande de licence via notre site Web. Cependant, nous recherchons les qualifications suivantes chez un candidat\u00a0: (1) un esprit d&rsquo;entreprise, (2) un esprit ouvert pour suivre une technique de vente \u00e9prouv\u00e9e pour les ventes \u00e0 volume \u00e9lev\u00e9, (3) et une sant\u00e9 raisonnable capable de g\u00e9rer des ventes l\u00e9g\u00e8res \u00e0 mod\u00e9r\u00e9es. la main d&rsquo;oeuvre.[\/vc_column_text][\/toggle][toggle color=\u00a0\u00bbDefault\u00a0\u00bb title=\u00a0\u00bbComment acheter une licence TouchUp RX ?\u00a0\u00bb][vc_column_text]La plupart des titulaires de licence entrent dans notre r\u00e9seau en achetant un territoire disponible comme indiqu\u00e9 sur notre site Web. Certains titulaires de permis ont choisi d&rsquo;acheter un territoire existant \u00e0 un propri\u00e9taire actuel. Les exigences financi\u00e8res pour chaque situation varient selon la m\u00e9thode d&rsquo;acquisition.[\/vc_column_text][\/toggle][toggle color=\u00a0\u00bbDefault\u00a0\u00bb title=\u00a0\u00bbQuelles sont mes options de financement?\u00a0\u00bb][vc_column_text]TouchUp RX Canada Inc. peut \u00eatre ouvert aux options de financement \u00e0 sa seule discr\u00e9tion. Veuillez vous renseigner pour plus d&rsquo;informations pendant le processus de candidature.[\/vc_column_text][\/toggle][toggle color=\u00a0\u00bbDefault\u00a0\u00bb title=\u00a0\u00bbQuels sont les paiements permanents que je dois effectuer apr\u00e8s l&rsquo;investissement initial dans la licence&amp;nbsp;?\u00a0\u00bb][vc_column_text]Une redevance mensuelle est requise chaque mois pour conserver la propri\u00e9t\u00e9 d&rsquo;un territoire.[\/vc_column_text][\/toggle][toggle color=\u00a0\u00bbDefault\u00a0\u00bb title=\u00a0\u00bbJe veux proposer un nouveau march\u00e9 ? A qui puis-je parler ?\u00a0\u00bb][vc_column_text]Toutes les demandes de renseignements et suggestions doivent \u00eatre envoy\u00e9es \u00e0 info@touchuprx.ca.[\/vc_column_text][\/toggle][\/toggles][\/vc_column][\/vc_row][vc_row type=\u00a0\u00bbin_container\u00a0\u00bb full_screen_row_position=\u00a0\u00bbmiddle\u00a0\u00bb column_margin=\u00a0\u00bbdefault\u00a0\u00bb column_direction=\u00a0\u00bbdefault\u00a0\u00bb column_direction_tablet=\u00a0\u00bbdefault\u00a0\u00bb column_direction_phone=\u00a0\u00bbdefault\u00a0\u00bb scene_position=\u00a0\u00bbcenter\u00a0\u00bb text_color=\u00a0\u00bbdark\u00a0\u00bb text_align=\u00a0\u00bbleft\u00a0\u00bb row_border_radius=\u00a0\u00bbnone\u00a0\u00bb row_border_radius_applies=\u00a0\u00bbbg\u00a0\u00bb overlay_strength=\u00a0\u00bb0.3&Prime; gradient_direction=\u00a0\u00bbleft_to_right\u00a0\u00bb shape_divider_position=\u00a0\u00bbbottom\u00a0\u00bb bg_image_animation=\u00a0\u00bbnone\u00a0\u00bb][vc_column column_padding=\u00a0\u00bbno-extra-padding\u00a0\u00bb column_padding_tablet=\u00a0\u00bbinherit\u00a0\u00bb column_padding_phone=\u00a0\u00bbinherit\u00a0\u00bb column_padding_position=\u00a0\u00bball\u00a0\u00bb background_color_opacity=\u00a0\u00bb1&Prime; background_hover_color_opacity=\u00a0\u00bb1&Prime; column_shadow=\u00a0\u00bbnone\u00a0\u00bb column_border_radius=\u00a0\u00bbnone\u00a0\u00bb column_link_target=\u00a0\u00bb_self\u00a0\u00bb gradient_direction=\u00a0\u00bbleft_to_right\u00a0\u00bb overlay_strength=\u00a0\u00bb0.3&Prime; width=\u00a0\u00bb1\/1&Prime; tablet_width_inherit=\u00a0\u00bbdefault\u00a0\u00bb tablet_text_alignment=\u00a0\u00bbdefault\u00a0\u00bb phone_text_alignment=\u00a0\u00bbdefault\u00a0\u00bb column_border_width=\u00a0\u00bbnone\u00a0\u00bb column_border_style=\u00a0\u00bbsolid\u00a0\u00bb bg_image_animation=\u00a0\u00bbnone\u00a0\u00bb][vc_column_text]\n<h2>\u00c0 l&rsquo;ext\u00e9rieur du Canada? Sites internationaux<\/h2>\n<p>Les services TouchUp RX Paint Chip sont disponibles partout au Canada &#8211; Les services internationaux arrivent bient\u00f4t[\/vc_column_text][\/vc_column][\/vc_row]\n","protected":false},"excerpt":{"rendered":"<p>[vc_row type=\u00a0\u00bbin_container\u00a0\u00bb full_screen_row_position=\u00a0\u00bbmiddle\u00a0\u00bb column_margin=\u00a0\u00bbdefault\u00a0\u00bb column_direction=\u00a0\u00bbdefault\u00a0\u00bb column_direction_tablet=\u00a0\u00bbdefault\u00a0\u00bb column_direction_phone=\u00a0\u00bbdefault\u00a0\u00bb scene_position=\u00a0\u00bbcenter\u00a0\u00bb text_color=\u00a0\u00bbdark\u00a0\u00bb text_align=\u00a0\u00bbleft\u00a0\u00bb row_border_radius=\u00a0\u00bbnone\u00a0\u00bb row_border_radius_applies=\u00a0\u00bbbg\u00a0\u00bb overlay_strength=\u00a0\u00bb0.3&Prime; gradient_direction=\u00a0\u00bbleft_to_right\u00a0\u00bb shape_divider_position=\u00a0\u00bbbottom\u00a0\u00bb bg_image_animation=\u00a0\u00bbnone\u00a0\u00bb][vc_column column_padding=\u00a0\u00bbno-extra-padding\u00a0\u00bb column_padding_tablet=\u00a0\u00bbinherit\u00a0\u00bb column_padding_phone=\u00a0\u00bbinherit\u00a0\u00bb column_padding_position=\u00a0\u00bball\u00a0\u00bb background_color_opacity=\u00a0\u00bb1&Prime; background_hover_color_opacity=\u00a0\u00bb1&Prime; column_shadow=\u00a0\u00bbnone\u00a0\u00bb column_border_radius=\u00a0\u00bbnone\u00a0\u00bb column_link_target=\u00a0\u00bb_self\u00a0\u00bb gradient_direction=\u00a0\u00bbleft_to_right\u00a0\u00bb overlay_strength=\u00a0\u00bb0.3&Prime; width=\u00a0\u00bb1\/1&Prime; tablet_width_inherit=\u00a0\u00bbdefault\u00a0\u00bb tablet_text_alignment=\u00a0\u00bbdefault\u00a0\u00bb phone_text_alignment=\u00a0\u00bbdefault\u00a0\u00bb column_border_width=\u00a0\u00bbnone\u00a0\u00bb column_border_style=\u00a0\u00bbsolid\u00a0\u00bb bg_image_animation=\u00a0\u00bbnone\u00a0\u00bb][nectar_animated_title heading_tag=\u00a0\u00bbh1&Prime; style=\u00a0\u00bbcolor-strip-reveal\u00a0\u00bb color=\u00a0\u00bbAccent-Color\u00a0\u00bb text=\u00a0\u00bbFAQ des titulaires de licence\u00a0\u00bb][vc_column_text] FAQ des titulaires de licence TouchUp RX Vous trouverez ci-dessous les questions fr\u00e9quemment pos\u00e9es concernant les licences TouchUp&#8230;<\/p>\n","protected":false},"author":1,"featured_media":0,"parent":0,"menu_order":0,"comment_status":"closed","ping_status":"closed","template":"","meta":{"footnotes":""},"class_list":["post-9394","page","type-page","status-publish"],"_links":{"self":[{"href":"https:\/\/touchuprx.ca\/fr\/wp-json\/wp\/v2\/pages\/9394","targetHints":{"allow":["GET"]}}],"collection":[{"href":"https:\/\/touchuprx.ca\/fr\/wp-json\/wp\/v2\/pages"}],"about":[{"href":"https:\/\/touchuprx.ca\/fr\/wp-json\/wp\/v2\/types\/page"}],"author":[{"embeddable":true,"href":"https:\/\/touchuprx.ca\/fr\/wp-json\/wp\/v2\/users\/1"}],"replies":[{"embeddable":true,"href":"https:\/\/touchuprx.ca\/fr\/wp-json\/wp\/v2\/comments?post=9394"}],"version-history":[{"count":8,"href":"https:\/\/touchuprx.ca\/fr\/wp-json\/wp\/v2\/pages\/9394\/revisions"}],"predecessor-version":[{"id":9594,"href":"https:\/\/touchuprx.ca\/fr\/wp-json\/wp\/v2\/pages\/9394\/revisions\/9594"}],"wp:attachment":[{"href":"https:\/\/touchuprx.ca\/fr\/wp-json\/wp\/v2\/media?parent=9394"}],"curies":[{"name":"wp","href":"https:\/\/api.w.org\/{rel}","templated":true}]}}