{"id":9391,"date":"2022-01-01T00:49:57","date_gmt":"2022-01-01T00:49:57","guid":{"rendered":"https:\/\/touchuprx.ca\/pourquoi-touchup-rx\/"},"modified":"2022-01-02T22:36:57","modified_gmt":"2022-01-02T22:36:57","slug":"pourquoi-touchup-rx","status":"publish","type":"page","link":"https:\/\/touchuprx.ca\/fr\/pourquoi-touchup-rx\/","title":{"rendered":"Pourquoi TouchUp RX"},"content":{"rendered":"[vc_row type=\u00a0\u00bbin_container\u00a0\u00bb full_screen_row_position=\u00a0\u00bbmiddle\u00a0\u00bb column_margin=\u00a0\u00bbdefault\u00a0\u00bb column_direction=\u00a0\u00bbdefault\u00a0\u00bb column_direction_tablet=\u00a0\u00bbdefault\u00a0\u00bb column_direction_phone=\u00a0\u00bbdefault\u00a0\u00bb scene_position=\u00a0\u00bbcenter\u00a0\u00bb text_color=\u00a0\u00bbdark\u00a0\u00bb text_align=\u00a0\u00bbleft\u00a0\u00bb row_border_radius=\u00a0\u00bbnone\u00a0\u00bb row_border_radius_applies=\u00a0\u00bbbg\u00a0\u00bb overlay_strength=\u00a0\u00bb0.3&Prime; gradient_direction=\u00a0\u00bbleft_to_right\u00a0\u00bb shape_divider_position=\u00a0\u00bbbottom\u00a0\u00bb bg_image_animation=\u00a0\u00bbnone\u00a0\u00bb][vc_column column_padding=\u00a0\u00bbno-extra-padding\u00a0\u00bb column_padding_tablet=\u00a0\u00bbinherit\u00a0\u00bb column_padding_phone=\u00a0\u00bbinherit\u00a0\u00bb column_padding_position=\u00a0\u00bball\u00a0\u00bb background_color_opacity=\u00a0\u00bb1&Prime; background_hover_color_opacity=\u00a0\u00bb1&Prime; column_shadow=\u00a0\u00bbnone\u00a0\u00bb column_border_radius=\u00a0\u00bbnone\u00a0\u00bb column_link_target=\u00a0\u00bb_self\u00a0\u00bb gradient_direction=\u00a0\u00bbleft_to_right\u00a0\u00bb overlay_strength=\u00a0\u00bb0.3&Prime; width=\u00a0\u00bb1\/1&Prime; tablet_width_inherit=\u00a0\u00bbdefault\u00a0\u00bb tablet_text_alignment=\u00a0\u00bbdefault\u00a0\u00bb phone_text_alignment=\u00a0\u00bbdefault\u00a0\u00bb column_border_width=\u00a0\u00bbnone\u00a0\u00bb column_border_style=\u00a0\u00bbsolid\u00a0\u00bb bg_image_animation=\u00a0\u00bbnone\u00a0\u00bb][nectar_animated_title heading_tag=\u00a0\u00bbh1&Prime; style=\u00a0\u00bbcolor-strip-reveal\u00a0\u00bb color=\u00a0\u00bbAccent-Color\u00a0\u00bb text=\u00a0\u00bbPourquoi choisir TouchUp RX ?\u00a0\u00bb][\/vc_column][\/vc_row][vc_row type=\u00a0\u00bbin_container\u00a0\u00bb full_screen_row_position=\u00a0\u00bbmiddle\u00a0\u00bb column_margin=\u00a0\u00bbdefault\u00a0\u00bb column_direction=\u00a0\u00bbdefault\u00a0\u00bb column_direction_tablet=\u00a0\u00bbdefault\u00a0\u00bb column_direction_phone=\u00a0\u00bbdefault\u00a0\u00bb scene_position=\u00a0\u00bbcenter\u00a0\u00bb text_color=\u00a0\u00bbdark\u00a0\u00bb text_align=\u00a0\u00bbleft\u00a0\u00bb row_border_radius=\u00a0\u00bbnone\u00a0\u00bb row_border_radius_applies=\u00a0\u00bbbg\u00a0\u00bb overlay_strength=\u00a0\u00bb0.3&Prime; gradient_direction=\u00a0\u00bbleft_to_right\u00a0\u00bb shape_divider_position=\u00a0\u00bbbottom\u00a0\u00bb bg_image_animation=\u00a0\u00bbnone\u00a0\u00bb][vc_column column_padding=\u00a0\u00bbno-extra-padding\u00a0\u00bb column_padding_tablet=\u00a0\u00bbinherit\u00a0\u00bb column_padding_phone=\u00a0\u00bbinherit\u00a0\u00bb column_padding_position=\u00a0\u00bball\u00a0\u00bb background_color_opacity=\u00a0\u00bb1&Prime; background_hover_color_opacity=\u00a0\u00bb1&Prime; column_shadow=\u00a0\u00bbnone\u00a0\u00bb column_border_radius=\u00a0\u00bbnone\u00a0\u00bb column_link_target=\u00a0\u00bb_self\u00a0\u00bb gradient_direction=\u00a0\u00bbleft_to_right\u00a0\u00bb overlay_strength=\u00a0\u00bb0.3&Prime; width=\u00a0\u00bb1\/1&Prime; tablet_width_inherit=\u00a0\u00bbdefault\u00a0\u00bb tablet_text_alignment=\u00a0\u00bbdefault\u00a0\u00bb phone_text_alignment=\u00a0\u00bbdefault\u00a0\u00bb column_border_width=\u00a0\u00bbnone\u00a0\u00bb column_border_style=\u00a0\u00bbsolid\u00a0\u00bb bg_image_animation=\u00a0\u00bbnone\u00a0\u00bb][vc_column_text]\n<div class=\"et_pb_section et_pb_section_3 et_section_regular\">\n<div class=\"et_pb_row et_pb_row_1\">\n<div class=\"et_pb_column et_pb_column_4_4 et_pb_column_2 et_pb_css_mix_blend_mode_passthrough et-last-child\">\n<div class=\"et_pb_module et_pb_text et_pb_text_1 et_pb_bg_layout_light et_pb_text_align_left\">\n<div class=\"et_pb_text_inner\">\n<h2>Syst\u00e8me exclusif de r\u00e9paration d\u2019\u00e9cailles de peinture de premier plan dans l\u2019industrie<\/h2>\n<p>Se joindre \u00e0 l\u2019\u00e9quipe TouchUp RX vous permet d\u2019acc\u00e9der au\u00a0<em>meilleur syst\u00e8me exclusif de r\u00e9paration d\u2019\u00e9cailles de peinture<\/em>\u00a0sur le march\u00e9.<\/p>\n<p>La peinture TouchUp RX est reconnu parce qu\u2019elle fonctionne sur pratiquement n\u2019importe quelle surface, y compris le plastique, le m\u00e9tal et la fibre de verre. Elle ne r\u00e9tr\u00e9cit pas et r\u00e9siste \u00e0 l\u2019\u00e9preuve du temps. Nos clients remarquent que chaque v\u00e9hicule est trait\u00e9 avec des r\u00e9sultats uniformes qui surpassent la concurrence\u2009! Le TouchUp RX fait des vagues \u00e0 travers le Canada et s\u2019\u00e9tend rapidement \u00e0 de nouveaux march\u00e9s.<\/p>\n<h3>\u00cates-vous une personne motiv\u00e9e cherchant \u00e0 poss\u00e9der et g\u00e9rer votre propre entreprise\u2009?<\/h3>\n<p>Au lieu d\u2019investir vos ressources dans un programme de franchise avec des r\u00e8gles contraignantes et de lourdes obligations, pourquoi ne pas penser \u00e0 poss\u00e9der votre propre licence TouchUp RX\u2009? En tant que licenci\u00e9, vous aurez une grande libert\u00e9 d\u2019action pour g\u00e9rer et faire grandir votre entreprise, sans avoir la micro gestion d\u2019un contrat de franchise. Les licenci\u00e9s profitent du droit exclusif de distribuer les produits et les services TouchUp RX dans la r\u00e9gion qui leur est assign\u00e9e.<\/p>\n<h3>TouchUp RX soutient activement ses licenci\u00e9s<\/h3>\n<p>Notre syst\u00e8me de licence\u00a0est\u00a0fond\u00e9\u00a0sur le principe que TouchUp RX ne peut r\u00e9ussir que\u00a0si nos licenci\u00e9s r\u00e9ussissent. En tant que licenci\u00e9, vous recevrez tous les outils et la formation que re\u00e7oivent les franchis\u00e9s, mais sans les restrictions associ\u00e9es\u2009! Que fait l\u2019\u00e9quipe TouchUp RX pour atteindre ce but\u2009? \u00c7a commence avec une formation compl\u00e8te et un soutien continu aux licenci\u00e9s. Notre programme de formation vous donnera les outils et les comp\u00e9tences n\u00e9cessaires pour offrir une exp\u00e9rience client exceptionnelle \u00e0 chaque site de travail.<\/p>\n<p>&nbsp;<\/p>\n<\/div>\n<\/div>\n<\/div>\n<\/div>\n<\/div>\n<div class=\"et_pb_section et_pb_section_4 et_section_regular\">\n<div class=\"et_pb_row et_pb_row_2\">\n<div class=\"et_pb_column et_pb_column_1_2 et_pb_column_3 et_pb_css_mix_blend_mode_passthrough\">\n<div class=\"et_pb_module et_pb_text et_pb_text_2 et_pb_bg_layout_light et_pb_text_align_left\">\n<div class=\"et_pb_text_inner\">\n<h2>Ce que nous offrons\u00a0:<\/h2>\n<p>\u2713 Formation \u2014 16 heures (2 jours) de formation initiale portant sur l\u2019application technique et le processus de ventes<\/p>\n<p>\u2713 Tous les produits et \u00e9quipements n\u00e9cessaire<\/p>\n<p>\u2713 V\u00eatements avec le logo de la compagnie<\/p>\n<p>\u2713 Cartes professionnelles<\/p>\n<p>\u2713 Compte de courriel corporatif<\/p>\n<p>\u2713 Application iPad personnalis\u00e9e pour aider \u00e0 faire les estimations et les factures<\/p>\n<p>\u2713 Nous aidons les clients locaux \u00e0 vous trouver gr\u00e2ce \u00e0 un site web national qui g\u00e9n\u00e8re des occasions d\u2019affaires pour votre zone de march\u00e9.<\/p>\n<p>\u2713 Acc\u00e8s \u00e0 des outils suppl\u00e9mentaires pour am\u00e9liorer la qualit\u00e9 des retouches et augmenter les ventes<\/p>\n<p>\u2713 Acc\u00e8s \u00e0 de la formation continue pour tous les licenci\u00e9s<\/p>\n<p>\u2713 R\u00e9seau de support des licenci\u00e9s et conseils du si\u00e8ge social<\/p>\n<p>\u2713 Priorit\u00e9 constante sur le d\u00e9veloppement de campagnes de marketing et d\u2019outils pour la vente aux entreprises et aux consommateurs<\/p>\n<p>\u2713 Une offre de service mobile \u00e0 longueur d\u2019ann\u00e9e<\/p>\n<p>\u2713 Succ\u00e8s sur le terrain bas\u00e9 sur une m\u00e9thode de vente qui a fait ses preuves<\/p>\n<\/div>\n<\/div>\n<\/div>\n<\/div>\n<\/div>\n[\/vc_column_text][\/vc_column][\/vc_row][vc_row type=\u00a0\u00bbin_container\u00a0\u00bb full_screen_row_position=\u00a0\u00bbmiddle\u00a0\u00bb column_margin=\u00a0\u00bbdefault\u00a0\u00bb column_direction=\u00a0\u00bbdefault\u00a0\u00bb column_direction_tablet=\u00a0\u00bbdefault\u00a0\u00bb column_direction_phone=\u00a0\u00bbdefault\u00a0\u00bb scene_position=\u00a0\u00bbcenter\u00a0\u00bb text_color=\u00a0\u00bbdark\u00a0\u00bb text_align=\u00a0\u00bbleft\u00a0\u00bb row_border_radius=\u00a0\u00bbnone\u00a0\u00bb row_border_radius_applies=\u00a0\u00bbbg\u00a0\u00bb overlay_strength=\u00a0\u00bb0.3&Prime; gradient_direction=\u00a0\u00bbleft_to_right\u00a0\u00bb shape_divider_position=\u00a0\u00bbbottom\u00a0\u00bb bg_image_animation=\u00a0\u00bbnone\u00a0\u00bb][vc_column column_padding=\u00a0\u00bbno-extra-padding\u00a0\u00bb column_padding_tablet=\u00a0\u00bbinherit\u00a0\u00bb column_padding_phone=\u00a0\u00bbinherit\u00a0\u00bb column_padding_position=\u00a0\u00bball\u00a0\u00bb background_color_opacity=\u00a0\u00bb1&Prime; background_hover_color_opacity=\u00a0\u00bb1&Prime; column_shadow=\u00a0\u00bbnone\u00a0\u00bb column_border_radius=\u00a0\u00bbnone\u00a0\u00bb column_link_target=\u00a0\u00bb_self\u00a0\u00bb gradient_direction=\u00a0\u00bbleft_to_right\u00a0\u00bb overlay_strength=\u00a0\u00bb0.3&Prime; width=\u00a0\u00bb1\/1&Prime; tablet_width_inherit=\u00a0\u00bbdefault\u00a0\u00bb tablet_text_alignment=\u00a0\u00bbdefault\u00a0\u00bb phone_text_alignment=\u00a0\u00bbdefault\u00a0\u00bb column_border_width=\u00a0\u00bbnone\u00a0\u00bb column_border_style=\u00a0\u00bbsolid\u00a0\u00bb bg_image_animation=\u00a0\u00bbnone\u00a0\u00bb][vc_column_text]\n<h2>\u00c0 l&rsquo;ext\u00e9rieur du Canada? Sites internationaux<\/h2>\n<p>Les services TouchUp RX Paint Chip sont disponibles partout au Canada &#8211; Les services internationaux arrivent bient\u00f4t[\/vc_column_text][\/vc_column][\/vc_row]\n","protected":false},"excerpt":{"rendered":"<p>[vc_row type=\u00a0\u00bbin_container\u00a0\u00bb full_screen_row_position=\u00a0\u00bbmiddle\u00a0\u00bb column_margin=\u00a0\u00bbdefault\u00a0\u00bb column_direction=\u00a0\u00bbdefault\u00a0\u00bb column_direction_tablet=\u00a0\u00bbdefault\u00a0\u00bb column_direction_phone=\u00a0\u00bbdefault\u00a0\u00bb scene_position=\u00a0\u00bbcenter\u00a0\u00bb text_color=\u00a0\u00bbdark\u00a0\u00bb text_align=\u00a0\u00bbleft\u00a0\u00bb row_border_radius=\u00a0\u00bbnone\u00a0\u00bb row_border_radius_applies=\u00a0\u00bbbg\u00a0\u00bb overlay_strength=\u00a0\u00bb0.3&Prime; gradient_direction=\u00a0\u00bbleft_to_right\u00a0\u00bb shape_divider_position=\u00a0\u00bbbottom\u00a0\u00bb bg_image_animation=\u00a0\u00bbnone\u00a0\u00bb][vc_column column_padding=\u00a0\u00bbno-extra-padding\u00a0\u00bb column_padding_tablet=\u00a0\u00bbinherit\u00a0\u00bb column_padding_phone=\u00a0\u00bbinherit\u00a0\u00bb column_padding_position=\u00a0\u00bball\u00a0\u00bb background_color_opacity=\u00a0\u00bb1&Prime; background_hover_color_opacity=\u00a0\u00bb1&Prime; column_shadow=\u00a0\u00bbnone\u00a0\u00bb column_border_radius=\u00a0\u00bbnone\u00a0\u00bb column_link_target=\u00a0\u00bb_self\u00a0\u00bb gradient_direction=\u00a0\u00bbleft_to_right\u00a0\u00bb overlay_strength=\u00a0\u00bb0.3&Prime; width=\u00a0\u00bb1\/1&Prime; tablet_width_inherit=\u00a0\u00bbdefault\u00a0\u00bb tablet_text_alignment=\u00a0\u00bbdefault\u00a0\u00bb phone_text_alignment=\u00a0\u00bbdefault\u00a0\u00bb column_border_width=\u00a0\u00bbnone\u00a0\u00bb column_border_style=\u00a0\u00bbsolid\u00a0\u00bb bg_image_animation=\u00a0\u00bbnone\u00a0\u00bb][nectar_animated_title heading_tag=\u00a0\u00bbh1&Prime; style=\u00a0\u00bbcolor-strip-reveal\u00a0\u00bb color=\u00a0\u00bbAccent-Color\u00a0\u00bb text=\u00a0\u00bbPourquoi choisir TouchUp RX ?\u00a0\u00bb][\/vc_column][\/vc_row][vc_row type=\u00a0\u00bbin_container\u00a0\u00bb full_screen_row_position=\u00a0\u00bbmiddle\u00a0\u00bb column_margin=\u00a0\u00bbdefault\u00a0\u00bb column_direction=\u00a0\u00bbdefault\u00a0\u00bb column_direction_tablet=\u00a0\u00bbdefault\u00a0\u00bb column_direction_phone=\u00a0\u00bbdefault\u00a0\u00bb scene_position=\u00a0\u00bbcenter\u00a0\u00bb text_color=\u00a0\u00bbdark\u00a0\u00bb text_align=\u00a0\u00bbleft\u00a0\u00bb row_border_radius=\u00a0\u00bbnone\u00a0\u00bb row_border_radius_applies=\u00a0\u00bbbg\u00a0\u00bb overlay_strength=\u00a0\u00bb0.3&Prime; gradient_direction=\u00a0\u00bbleft_to_right\u00a0\u00bb shape_divider_position=\u00a0\u00bbbottom\u00a0\u00bb bg_image_animation=\u00a0\u00bbnone\u00a0\u00bb][vc_column column_padding=\u00a0\u00bbno-extra-padding\u00a0\u00bb column_padding_tablet=\u00a0\u00bbinherit\u00a0\u00bb column_padding_phone=\u00a0\u00bbinherit\u00a0\u00bb&#8230;<\/p>\n","protected":false},"author":1,"featured_media":0,"parent":0,"menu_order":0,"comment_status":"closed","ping_status":"closed","template":"","meta":{"footnotes":""},"class_list":["post-9391","page","type-page","status-publish"],"_links":{"self":[{"href":"https:\/\/touchuprx.ca\/fr\/wp-json\/wp\/v2\/pages\/9391","targetHints":{"allow":["GET"]}}],"collection":[{"href":"https:\/\/touchuprx.ca\/fr\/wp-json\/wp\/v2\/pages"}],"about":[{"href":"https:\/\/touchuprx.ca\/fr\/wp-json\/wp\/v2\/types\/page"}],"author":[{"embeddable":true,"href":"https:\/\/touchuprx.ca\/fr\/wp-json\/wp\/v2\/users\/1"}],"replies":[{"embeddable":true,"href":"https:\/\/touchuprx.ca\/fr\/wp-json\/wp\/v2\/comments?post=9391"}],"version-history":[{"count":5,"href":"https:\/\/touchuprx.ca\/fr\/wp-json\/wp\/v2\/pages\/9391\/revisions"}],"predecessor-version":[{"id":9595,"href":"https:\/\/touchuprx.ca\/fr\/wp-json\/wp\/v2\/pages\/9391\/revisions\/9595"}],"wp:attachment":[{"href":"https:\/\/touchuprx.ca\/fr\/wp-json\/wp\/v2\/media?parent=9391"}],"curies":[{"name":"wp","href":"https:\/\/api.w.org\/{rel}","templated":true}]}}