{"id":9296,"date":"2022-01-01T00:49:38","date_gmt":"2022-01-01T00:49:38","guid":{"rendered":"https:\/\/touchuprx.ca\/faq-sur-le-concessionnaire\/"},"modified":"2022-01-02T22:05:30","modified_gmt":"2022-01-02T22:05:30","slug":"faq-concessionnaire","status":"publish","type":"page","link":"https:\/\/touchuprx.ca\/fr\/faq-concessionnaire\/","title":{"rendered":"FAQ concessionnaire"},"content":{"rendered":"[vc_row type=\u00a0\u00bbin_container\u00a0\u00bb full_screen_row_position=\u00a0\u00bbmiddle\u00a0\u00bb column_margin=\u00a0\u00bbdefault\u00a0\u00bb column_direction=\u00a0\u00bbdefault\u00a0\u00bb column_direction_tablet=\u00a0\u00bbdefault\u00a0\u00bb column_direction_phone=\u00a0\u00bbdefault\u00a0\u00bb scene_position=\u00a0\u00bbcenter\u00a0\u00bb text_color=\u00a0\u00bbdark\u00a0\u00bb text_align=\u00a0\u00bbleft\u00a0\u00bb row_border_radius=\u00a0\u00bbnone\u00a0\u00bb row_border_radius_applies=\u00a0\u00bbbg\u00a0\u00bb overlay_strength=\u00a0\u00bb0.3&Prime; gradient_direction=\u00a0\u00bbleft_to_right\u00a0\u00bb shape_divider_position=\u00a0\u00bbbottom\u00a0\u00bb bg_image_animation=\u00a0\u00bbnone\u00a0\u00bb][vc_column column_padding=\u00a0\u00bbno-extra-padding\u00a0\u00bb column_padding_tablet=\u00a0\u00bbinherit\u00a0\u00bb column_padding_phone=\u00a0\u00bbinherit\u00a0\u00bb column_padding_position=\u00a0\u00bball\u00a0\u00bb background_color_opacity=\u00a0\u00bb1&Prime; background_hover_color_opacity=\u00a0\u00bb1&Prime; column_shadow=\u00a0\u00bbnone\u00a0\u00bb column_border_radius=\u00a0\u00bbnone\u00a0\u00bb column_link_target=\u00a0\u00bb_self\u00a0\u00bb gradient_direction=\u00a0\u00bbleft_to_right\u00a0\u00bb overlay_strength=\u00a0\u00bb0.3&Prime; width=\u00a0\u00bb1\/4&Prime; tablet_width_inherit=\u00a0\u00bbdefault\u00a0\u00bb tablet_text_alignment=\u00a0\u00bbdefault\u00a0\u00bb phone_text_alignment=\u00a0\u00bbdefault\u00a0\u00bb column_border_width=\u00a0\u00bbnone\u00a0\u00bb column_border_style=\u00a0\u00bbsolid\u00a0\u00bb bg_image_animation=\u00a0\u00bbnone\u00a0\u00bb][\/vc_column][vc_column column_padding=\u00a0\u00bbno-extra-padding\u00a0\u00bb column_padding_tablet=\u00a0\u00bbinherit\u00a0\u00bb column_padding_phone=\u00a0\u00bbinherit\u00a0\u00bb column_padding_position=\u00a0\u00bball\u00a0\u00bb background_color_opacity=\u00a0\u00bb1&Prime; background_hover_color_opacity=\u00a0\u00bb1&Prime; column_shadow=\u00a0\u00bbnone\u00a0\u00bb column_border_radius=\u00a0\u00bbnone\u00a0\u00bb column_link_target=\u00a0\u00bb_self\u00a0\u00bb gradient_direction=\u00a0\u00bbleft_to_right\u00a0\u00bb overlay_strength=\u00a0\u00bb0.3&Prime; width=\u00a0\u00bb1\/2&Prime; tablet_width_inherit=\u00a0\u00bbdefault\u00a0\u00bb tablet_text_alignment=\u00a0\u00bbdefault\u00a0\u00bb phone_text_alignment=\u00a0\u00bbdefault\u00a0\u00bb column_border_width=\u00a0\u00bbnone\u00a0\u00bb column_border_style=\u00a0\u00bbsolid\u00a0\u00bb bg_image_animation=\u00a0\u00bbnone\u00a0\u00bb][nectar_animated_title heading_tag=\u00a0\u00bbh1&Prime; style=\u00a0\u00bbcolor-strip-reveal\u00a0\u00bb color=\u00a0\u00bbAccent-Color\u00a0\u00bb text=\u00a0\u00bbFAQ sur le concessionnaire\u00a0\u00bb][vc_column_text]\n<h4 style=\"text-align: left;\"><\/h4>\n<h4 style=\"text-align: left;\">De nombreux concessionnaires nous ont pos\u00e9 les m\u00eames questions, nous avons donc rassembl\u00e9 quelques r\u00e9ponses pour vous aider. Vous avez une question qui n&rsquo;est pas r\u00e9pertori\u00e9e ? N&rsquo;h\u00e9sitez pas \u00e0 nous contacter, nous serons ravis de r\u00e9pondre \u00e0 toutes vos questions !<\/h4>\n[\/vc_column_text][divider line_type=\u00a0\u00bbNo Line\u00a0\u00bb custom_height=\u00a0\u00bb15&Prime;][toggles style=\u00a0\u00bbdefault\u00a0\u00bb][toggle color=\u00a0\u00bbDefault\u00a0\u00bb title=\u00a0\u00bbDois-je simplement attendre que le client se plaint et ensuite le r\u00e9parer&amp;nbsp;?\u00a0\u00bb][vc_column_text]Attendre que le client voit les \u00e9clats de peinture est un moyen s\u00fbr de perdre des ventes. Premi\u00e8rement, ils peuvent ne pas demander, ils peuvent simplement passer \u00e0 autre chose et r\u00e9cup\u00e9rer l&rsquo;autre voiture qu&rsquo;ils ont vue et qui n&rsquo;avait pas de puces. M\u00eame s&rsquo;ils vous le demandent, non seulement vous ajoutez des tracas et du temps suppl\u00e9mentaire \u00e0 votre client pour prendre livraison, vous pouvez \u00eatre s\u00fbr qu&rsquo;il passera en revue tout le v\u00e9hicule avec un peigne \u00e0 dents fines et vous pourriez passer encore plus de temps \u00e0 faire des r\u00e9parations que si vous aviez juste corrig\u00e9 pour commencer. Pourquoi le risquer ? R\u00e9parez-le et assurez-vous de ne pas perdre de ventes face \u00e0 la concurrence\u00a0![\/vc_column_text][\/toggle][toggle color=\u00a0\u00bbDefault\u00a0\u00bb title=\u00a0\u00bbLes ventes sont lentes pendant les mois d&rsquo;hiver, devons-nous vraiment le faire&amp;nbsp;?\u00a0\u00bb][vc_column_text]Lorsque les ventes ralentissent, la derni\u00e8re chose que vous voulez, c&rsquo;est qu&rsquo;un client s&rsquo;\u00e9loigne d&rsquo;un v\u00e9hicule parce qu&rsquo;il voit des \u00e9clats de pierre ou de la rouille sur certains \u00e9clats de pierre. Ne perdez pas une seule vente \u00e0 cause des \u00e9clats de pierre\u00a0![\/vc_column_text][\/toggle][toggle color=\u00a0\u00bbDefault\u00a0\u00bb title=\u00a0\u00bbNous avons essay\u00e9 d&rsquo;autres soci\u00e9t\u00e9s et cela n&rsquo;a pas fonctionn\u00e9\/dur\u00e9, vos r\u00e9parations sont-elles diff\u00e9rentes&amp;nbsp;?\u00a0\u00bb][vc_column_text]Nous sommes en affaires depuis + de 10 ans, nous sommes dans 6 pays et en pleine croissance ! Nous sommes une r\u00e9paration permanente. La prochaine \u00e9tape, \u00e0 part nous demander de r\u00e9parer les puces, est de d\u00e9penser beaucoup d&rsquo;argent dans l&rsquo;atelier de carrosserie et ce n&rsquo;est pas toujours la meilleure option, n&rsquo;est-ce pas\u00a0? Nous avons \u00e9t\u00e9 \u00e9crits dans le Wall Street Journal, nous avons des milliers de concessionnaires dans plusieurs pays qui comptent sur nos r\u00e9parations pour pr\u00e9parer leurs v\u00e9hicules \u00e0 la vente.[\/vc_column_text][\/toggle][toggle color=\u00a0\u00bbDefault\u00a0\u00bb title=\u00a0\u00bbEst-ce cher de faire r\u00e9parer des \u00e9clats ou des rayures ?\u00a0\u00bb][vc_column_text]Tous nos concessionnaires s&rsquo;accordent \u00e0 dire que le co\u00fbt de r\u00e9paration des \u00e9clats de pierre et des \u00e9gratignures disgracieuses est bien inf\u00e9rieur au co\u00fbt de laisser la voiture s&rsquo;asseoir sur le terrain parce que les gens sont rebut\u00e9s par les \u00e9clats et s&rsquo;\u00e9loignent.[\/vc_column_text][\/toggle][\/toggles][\/vc_column][vc_column column_padding=\u00a0\u00bbno-extra-padding\u00a0\u00bb column_padding_tablet=\u00a0\u00bbinherit\u00a0\u00bb column_padding_phone=\u00a0\u00bbinherit\u00a0\u00bb column_padding_position=\u00a0\u00bball\u00a0\u00bb background_color_opacity=\u00a0\u00bb1&Prime; background_hover_color_opacity=\u00a0\u00bb1&Prime; column_shadow=\u00a0\u00bbnone\u00a0\u00bb column_border_radius=\u00a0\u00bbnone\u00a0\u00bb column_link_target=\u00a0\u00bb_self\u00a0\u00bb gradient_direction=\u00a0\u00bbleft_to_right\u00a0\u00bb overlay_strength=\u00a0\u00bb0.3&Prime; width=\u00a0\u00bb1\/4&Prime; tablet_width_inherit=\u00a0\u00bbdefault\u00a0\u00bb tablet_text_alignment=\u00a0\u00bbdefault\u00a0\u00bb phone_text_alignment=\u00a0\u00bbdefault\u00a0\u00bb column_border_width=\u00a0\u00bbnone\u00a0\u00bb column_border_style=\u00a0\u00bbsolid\u00a0\u00bb bg_image_animation=\u00a0\u00bbnone\u00a0\u00bb][\/vc_column][\/vc_row]\n","protected":false},"excerpt":{"rendered":"<p>[vc_row type=\u00a0\u00bbin_container\u00a0\u00bb full_screen_row_position=\u00a0\u00bbmiddle\u00a0\u00bb column_margin=\u00a0\u00bbdefault\u00a0\u00bb column_direction=\u00a0\u00bbdefault\u00a0\u00bb column_direction_tablet=\u00a0\u00bbdefault\u00a0\u00bb column_direction_phone=\u00a0\u00bbdefault\u00a0\u00bb scene_position=\u00a0\u00bbcenter\u00a0\u00bb text_color=\u00a0\u00bbdark\u00a0\u00bb text_align=\u00a0\u00bbleft\u00a0\u00bb row_border_radius=\u00a0\u00bbnone\u00a0\u00bb row_border_radius_applies=\u00a0\u00bbbg\u00a0\u00bb overlay_strength=\u00a0\u00bb0.3&Prime; gradient_direction=\u00a0\u00bbleft_to_right\u00a0\u00bb shape_divider_position=\u00a0\u00bbbottom\u00a0\u00bb bg_image_animation=\u00a0\u00bbnone\u00a0\u00bb][vc_column column_padding=\u00a0\u00bbno-extra-padding\u00a0\u00bb column_padding_tablet=\u00a0\u00bbinherit\u00a0\u00bb column_padding_phone=\u00a0\u00bbinherit\u00a0\u00bb column_padding_position=\u00a0\u00bball\u00a0\u00bb background_color_opacity=\u00a0\u00bb1&Prime; background_hover_color_opacity=\u00a0\u00bb1&Prime; column_shadow=\u00a0\u00bbnone\u00a0\u00bb column_border_radius=\u00a0\u00bbnone\u00a0\u00bb column_link_target=\u00a0\u00bb_self\u00a0\u00bb gradient_direction=\u00a0\u00bbleft_to_right\u00a0\u00bb overlay_strength=\u00a0\u00bb0.3&Prime; width=\u00a0\u00bb1\/4&Prime; tablet_width_inherit=\u00a0\u00bbdefault\u00a0\u00bb tablet_text_alignment=\u00a0\u00bbdefault\u00a0\u00bb phone_text_alignment=\u00a0\u00bbdefault\u00a0\u00bb column_border_width=\u00a0\u00bbnone\u00a0\u00bb column_border_style=\u00a0\u00bbsolid\u00a0\u00bb bg_image_animation=\u00a0\u00bbnone\u00a0\u00bb][\/vc_column][vc_column column_padding=\u00a0\u00bbno-extra-padding\u00a0\u00bb column_padding_tablet=\u00a0\u00bbinherit\u00a0\u00bb column_padding_phone=\u00a0\u00bbinherit\u00a0\u00bb column_padding_position=\u00a0\u00bball\u00a0\u00bb background_color_opacity=\u00a0\u00bb1&Prime; background_hover_color_opacity=\u00a0\u00bb1&Prime; column_shadow=\u00a0\u00bbnone\u00a0\u00bb column_border_radius=\u00a0\u00bbnone\u00a0\u00bb column_link_target=\u00a0\u00bb_self\u00a0\u00bb gradient_direction=\u00a0\u00bbleft_to_right\u00a0\u00bb overlay_strength=\u00a0\u00bb0.3&Prime; width=\u00a0\u00bb1\/2&Prime; tablet_width_inherit=\u00a0\u00bbdefault\u00a0\u00bb tablet_text_alignment=\u00a0\u00bbdefault\u00a0\u00bb phone_text_alignment=\u00a0\u00bbdefault\u00a0\u00bb column_border_width=\u00a0\u00bbnone\u00a0\u00bb column_border_style=\u00a0\u00bbsolid\u00a0\u00bb bg_image_animation=\u00a0\u00bbnone\u00a0\u00bb][nectar_animated_title heading_tag=\u00a0\u00bbh1&Prime; style=\u00a0\u00bbcolor-strip-reveal\u00a0\u00bb color=\u00a0\u00bbAccent-Color\u00a0\u00bb text=\u00a0\u00bbFAQ sur le concessionnaire\u00a0\u00bb][vc_column_text] De&#8230;<\/p>\n","protected":false},"author":1,"featured_media":0,"parent":0,"menu_order":0,"comment_status":"closed","ping_status":"closed","template":"","meta":{"footnotes":""},"class_list":["post-9296","page","type-page","status-publish"],"_links":{"self":[{"href":"https:\/\/touchuprx.ca\/fr\/wp-json\/wp\/v2\/pages\/9296","targetHints":{"allow":["GET"]}}],"collection":[{"href":"https:\/\/touchuprx.ca\/fr\/wp-json\/wp\/v2\/pages"}],"about":[{"href":"https:\/\/touchuprx.ca\/fr\/wp-json\/wp\/v2\/types\/page"}],"author":[{"embeddable":true,"href":"https:\/\/touchuprx.ca\/fr\/wp-json\/wp\/v2\/users\/1"}],"replies":[{"embeddable":true,"href":"https:\/\/touchuprx.ca\/fr\/wp-json\/wp\/v2\/comments?post=9296"}],"version-history":[{"count":5,"href":"https:\/\/touchuprx.ca\/fr\/wp-json\/wp\/v2\/pages\/9296\/revisions"}],"predecessor-version":[{"id":9590,"href":"https:\/\/touchuprx.ca\/fr\/wp-json\/wp\/v2\/pages\/9296\/revisions\/9590"}],"wp:attachment":[{"href":"https:\/\/touchuprx.ca\/fr\/wp-json\/wp\/v2\/media?parent=9296"}],"curies":[{"name":"wp","href":"https:\/\/api.w.org\/{rel}","templated":true}]}}